{"id":109,"date":"2019-05-24T10:19:21","date_gmt":"2019-05-24T10:19:21","guid":{"rendered":"http:\/\/aquimap.myscispot.eu\/?page_id=109"},"modified":"2019-06-04T09:54:50","modified_gmt":"2019-06-04T09:54:50","slug":"objetivos","status":"publish","type":"page","link":"http:\/\/aquimap.myscispot.eu\/?page_id=109&lang=pt","title":{"rendered":"Objetivos"},"content":{"rendered":"\n<p>O projeto <strong>AquiMap<\/strong> pretende fomentar o crescimento da atividade de aquicultura nos sistemas estuarinos portugueses,  identificados como \u00e1reas de produ\u00e7\u00e3o aqu\u00edcola. Neste contexto, s\u00e3o sub-objetivos espec\u00edficos deste projeto: <\/p>\n\n\n\n<ul><li>Desenvolvimento e implementa\u00e7\u00e3o <strong>modelos biof\u00edsicos<\/strong> de alta resolu\u00e7\u00e3o para as regi\u00f5es estuarinas da costa portuguesa<\/li><\/ul>\n\n\n\n<ul><li>Valida\u00e7\u00e3o dos modelos hidrodin\u00e2mico e de qualidade da \u00e1gua implementados<\/li><\/ul>\n\n\n\n<ul><li>Elabora\u00e7\u00e3o de mapas de alta resolu\u00e7\u00e3o das vari\u00e1veis essenciais ao setor para as diferentes esp\u00e9cies de valor comercial: <strong>salinidade, temperatura da \u00e1gua, oxig\u00e9nio dissolvido e nutrientes<\/strong><\/li><\/ul>\n\n\n\n<ul><li>Desenvolvimento do conceito<em> <\/em><strong>\u00cdndice de Explora\u00e7\u00e3o<\/strong> e elabora\u00e7\u00e3o dos respetivos mapas para cada estu\u00e1rio em estudo<\/li><\/ul>\n\n\n\n<ul><li>Identifica\u00e7\u00e3o das <strong>esp\u00e9cies com maior potencial de explora\u00e7\u00e3o<\/strong> em cada estu\u00e1rio em estudo<\/li><\/ul>\n\n\n\n<ul><li>Desenvolvimento dos mapas elaborados em ambiente WebGis, de forma a promover a <strong>total acessibilidade e divulga\u00e7\u00e3o<\/strong> dos locais e condi\u00e7\u00f5es ideais para  o estabelecimento de zonas de produ\u00e7\u00e3o aqu\u00edcula, ao p\u00fablico em geral<\/li><\/ul>\n\n\n\n<ul><li><strong>Acompanhamento e monitoriza\u00e7\u00e3o<\/strong> das zonas de produ\u00e7\u00e3o aqu\u00edcola, rentabilizando a produ\u00e7\u00e3o de pescado<\/li><\/ul>\n","protected":false},"excerpt":{"rendered":"<p>O projeto AquiMap pretende fomentar o crescimento da atividade de aquicultura nos sistemas estuarinos portugueses, identificados como \u00e1reas de produ\u00e7\u00e3o aqu\u00edcola. Neste contexto, s\u00e3o sub-objetivos espec\u00edficos deste projeto: Desenvolvimento e implementa\u00e7\u00e3o modelos biof\u00edsicos de alta resolu\u00e7\u00e3o para as regi\u00f5es estuarinas da costa portuguesa Valida\u00e7\u00e3o dos modelos hidrodin\u00e2mico e de qualidade da \u00e1gua implementados Elabora\u00e7\u00e3o de &hellip; <\/p>\n<p class=\"link-more\"><a href=\"http:\/\/aquimap.myscispot.eu\/?page_id=109&#038;lang=pt\" class=\"more-link\">Continuar a ler <span class=\"screen-reader-text\">&#8220;Objetivos&#8221;<\/span><\/a><\/p>\n","protected":false},"author":3,"featured_media":0,"parent":0,"menu_order":0,"comment_status":"closed","ping_status":"closed","template":"","meta":[],"_links":{"self":[{"href":"http:\/\/aquimap.myscispot.eu\/index.php?rest_route=\/wp\/v2\/pages\/109"}],"collection":[{"href":"http:\/\/aquimap.myscispot.eu\/index.php?rest_route=\/wp\/v2\/pages"}],"about":[{"href":"http:\/\/aquimap.myscispot.eu\/index.php?rest_route=\/wp\/v2\/types\/page"}],"author":[{"embeddable":true,"href":"http:\/\/aquimap.myscispot.eu\/index.php?rest_route=\/wp\/v2\/users\/3"}],"replies":[{"embeddable":true,"href":"http:\/\/aquimap.myscispot.eu\/index.php?rest_route=%2Fwp%2Fv2%2Fcomments&post=109"}],"version-history":[{"count":8,"href":"http:\/\/aquimap.myscispot.eu\/index.php?rest_route=\/wp\/v2\/pages\/109\/revisions"}],"predecessor-version":[{"id":423,"href":"http:\/\/aquimap.myscispot.eu\/index.php?rest_route=\/wp\/v2\/pages\/109\/revisions\/423"}],"wp:attachment":[{"href":"http:\/\/aquimap.myscispot.eu\/index.php?rest_route=%2Fwp%2Fv2%2Fmedia&parent=109"}],"curies":[{"name":"wp","href":"https:\/\/api.w.org\/{rel}","templated":true}]}}