{"id":147,"date":"2019-05-24T13:49:47","date_gmt":"2019-05-24T13:49:47","guid":{"rendered":"http:\/\/aquimap.myscispot.eu\/?page_id=147"},"modified":"2019-06-03T15:53:41","modified_gmt":"2019-06-03T15:53:41","slug":"a1-coordenacao-e-gestao-do-projeto","status":"publish","type":"page","link":"http:\/\/aquimap.myscispot.eu\/?page_id=147&lang=pt","title":{"rendered":"A1: Coordena\u00e7\u00e3o e Gest\u00e3o do Projeto"},"content":{"rendered":"\n<p><strong>In\u00edcio:&nbsp;<\/strong>01\/01\/2018&nbsp;<br><strong>Conclus\u00e3o:&nbsp;<\/strong>30\/09\/2020<\/p>\n\n\n\n<p><strong>Respons\u00e1vel pela atividade:<\/strong><\/p>\n\n\n\n<p>&nbsp;Jo\u00e3o Miguel Dias<\/p>\n\n\n\n<p><strong>Objetivos:<\/strong>&nbsp;<\/p>\n\n\n\n<ul><li>Gest\u00e3o, coordena\u00e7\u00e3o do projeto e administra\u00e7\u00e3o financeira<\/li><li>Assegurar a produ\u00e7\u00e3o atempada dos&nbsp;<em>deliverables<\/em>&nbsp;do projeto<\/li><li>Prepara\u00e7\u00e3o e coordena\u00e7\u00e3o das reuni\u00f5es de projeto<\/li><li>Compila\u00e7\u00e3o e elabora\u00e7\u00e3o de relat\u00f3rios peri\u00f3dicos e finais do projeto<\/li><\/ul>\n","protected":false},"excerpt":{"rendered":"<p>In\u00edcio:&nbsp;01\/01\/2018&nbsp;Conclus\u00e3o:&nbsp;30\/09\/2020 Respons\u00e1vel pela atividade: &nbsp;Jo\u00e3o Miguel Dias Objetivos:&nbsp; Gest\u00e3o, coordena\u00e7\u00e3o do projeto e administra\u00e7\u00e3o financeira Assegurar a produ\u00e7\u00e3o atempada dos&nbsp;deliverables&nbsp;do projeto Prepara\u00e7\u00e3o e coordena\u00e7\u00e3o das reuni\u00f5es de projeto Compila\u00e7\u00e3o e elabora\u00e7\u00e3o de relat\u00f3rios peri\u00f3dicos e finais do projeto<\/p>\n","protected":false},"author":4,"featured_media":0,"parent":0,"menu_order":0,"comment_status":"closed","ping_status":"closed","template":"","meta":[],"_links":{"self":[{"href":"http:\/\/aquimap.myscispot.eu\/index.php?rest_route=\/wp\/v2\/pages\/147"}],"collection":[{"href":"http:\/\/aquimap.myscispot.eu\/index.php?rest_route=\/wp\/v2\/pages"}],"about":[{"href":"http:\/\/aquimap.myscispot.eu\/index.php?rest_route=\/wp\/v2\/types\/page"}],"author":[{"embeddable":true,"href":"http:\/\/aquimap.myscispot.eu\/index.php?rest_route=\/wp\/v2\/users\/4"}],"replies":[{"embeddable":true,"href":"http:\/\/aquimap.myscispot.eu\/index.php?rest_route=%2Fwp%2Fv2%2Fcomments&post=147"}],"version-history":[{"count":5,"href":"http:\/\/aquimap.myscispot.eu\/index.php?rest_route=\/wp\/v2\/pages\/147\/revisions"}],"predecessor-version":[{"id":537,"href":"http:\/\/aquimap.myscispot.eu\/index.php?rest_route=\/wp\/v2\/pages\/147\/revisions\/537"}],"wp:attachment":[{"href":"http:\/\/aquimap.myscispot.eu\/index.php?rest_route=%2Fwp%2Fv2%2Fmedia&parent=147"}],"curies":[{"name":"wp","href":"https:\/\/api.w.org\/{rel}","templated":true}]}}