{"id":150,"date":"2019-05-24T13:50:12","date_gmt":"2019-05-24T13:50:12","guid":{"rendered":"http:\/\/aquimap.myscispot.eu\/?page_id=150"},"modified":"2019-06-04T09:49:46","modified_gmt":"2019-06-04T09:49:46","slug":"a2-definicao-de-requisitos","status":"publish","type":"page","link":"http:\/\/aquimap.myscispot.eu\/?page_id=150&lang=pt","title":{"rendered":"A2: Defini\u00e7\u00e3o de requisitos"},"content":{"rendered":"\n<p><strong>In\u00edcio:&nbsp;<\/strong>01\/01\/2018<br><strong>Conclus\u00e3o:&nbsp;<\/strong>31\/07\/2018<\/p>\n\n\n\n<p><strong>Respons\u00e1veis pela atividade:&nbsp;<\/strong><\/p>\n\n\n\n<p>Jo\u00e3o Miguel Dias&nbsp;<br>Adelaide Almeida&nbsp;<br>Nuno Vaz<\/p>\n\n\n\n<p><strong>Objetivos:<\/strong><\/p>\n\n\n\n<ul><li>Definir a lista de requisitos-chave que constituir\u00e3o a base do conceito do sistema<\/li><li>Avalia\u00e7\u00e3o do estado da Arte; Requisitos dos dados; Modelo a utilizar; Requisitos dos utilizadores com a identifica\u00e7\u00e3o dos utilizadores atuais e futuros e delimitar as respetivas zonas de explora\u00e7\u00e3o<\/li><\/ul>\n","protected":false},"excerpt":{"rendered":"<p>In\u00edcio:&nbsp;01\/01\/2018Conclus\u00e3o:&nbsp;31\/07\/2018 Respons\u00e1veis pela atividade:&nbsp; Jo\u00e3o Miguel Dias&nbsp;Adelaide Almeida&nbsp;Nuno Vaz Objetivos: Definir a lista de requisitos-chave que constituir\u00e3o a base do conceito do sistema Avalia\u00e7\u00e3o do estado da Arte; Requisitos dos dados; Modelo a utilizar; Requisitos dos utilizadores com a identifica\u00e7\u00e3o dos utilizadores atuais e futuros e delimitar as respetivas zonas de explora\u00e7\u00e3o<\/p>\n","protected":false},"author":4,"featured_media":0,"parent":0,"menu_order":0,"comment_status":"closed","ping_status":"closed","template":"","meta":[],"_links":{"self":[{"href":"http:\/\/aquimap.myscispot.eu\/index.php?rest_route=\/wp\/v2\/pages\/150"}],"collection":[{"href":"http:\/\/aquimap.myscispot.eu\/index.php?rest_route=\/wp\/v2\/pages"}],"about":[{"href":"http:\/\/aquimap.myscispot.eu\/index.php?rest_route=\/wp\/v2\/types\/page"}],"author":[{"embeddable":true,"href":"http:\/\/aquimap.myscispot.eu\/index.php?rest_route=\/wp\/v2\/users\/4"}],"replies":[{"embeddable":true,"href":"http:\/\/aquimap.myscispot.eu\/index.php?rest_route=%2Fwp%2Fv2%2Fcomments&post=150"}],"version-history":[{"count":5,"href":"http:\/\/aquimap.myscispot.eu\/index.php?rest_route=\/wp\/v2\/pages\/150\/revisions"}],"predecessor-version":[{"id":425,"href":"http:\/\/aquimap.myscispot.eu\/index.php?rest_route=\/wp\/v2\/pages\/150\/revisions\/425"}],"wp:attachment":[{"href":"http:\/\/aquimap.myscispot.eu\/index.php?rest_route=%2Fwp%2Fv2%2Fmedia&parent=150"}],"curies":[{"name":"wp","href":"https:\/\/api.w.org\/{rel}","templated":true}]}}