{"id":162,"date":"2019-05-24T13:56:44","date_gmt":"2019-05-24T13:56:44","guid":{"rendered":"http:\/\/aquimap.myscispot.eu\/?page_id=162"},"modified":"2019-06-04T09:50:29","modified_gmt":"2019-06-04T09:50:29","slug":"a6-disseminacao-dos-resultados","status":"publish","type":"page","link":"http:\/\/aquimap.myscispot.eu\/?page_id=162&lang=pt","title":{"rendered":"A6: Dissemina\u00e7\u00e3o dos resultados"},"content":{"rendered":"\n<p><strong>In\u00edcio:<\/strong>&nbsp;01\/02\/2019<br><strong>Conclus\u00e3o: <\/strong>30\/09\/2020<\/p>\n\n\n\n<p><strong>Respons\u00e1veis pela atividade:&nbsp;<\/strong><br>Jo\u00e3o Miguel Dias&nbsp;<br>Adelaide Almeida&nbsp;<br>Nuno Vaz<\/p>\n\n\n\n<p><strong>Objetivo:&nbsp;<\/strong><\/p>\n\n\n\n<p>Promover a divulga\u00e7\u00e3o adequada do servi\u00e7o proposto, garantir a correta explora\u00e7\u00e3o das funcionalidades dispon\u00edveis e maximizar os impactos pol\u00edticos das atividades previstas<\/p>\n\n\n\n<p><strong>Tarefas:<\/strong><\/p>\n\n\n\n<ol><li>Divulga\u00e7\u00e3o<\/li><li>Introdu\u00e7\u00e3o no Portal eaquicultura<\/li><\/ol>\n","protected":false},"excerpt":{"rendered":"<p>In\u00edcio:&nbsp;01\/02\/2019Conclus\u00e3o: 30\/09\/2020 Respons\u00e1veis pela atividade:&nbsp;Jo\u00e3o Miguel Dias&nbsp;Adelaide Almeida&nbsp;Nuno Vaz Objetivo:&nbsp; Promover a divulga\u00e7\u00e3o adequada do servi\u00e7o proposto, garantir a correta explora\u00e7\u00e3o das funcionalidades dispon\u00edveis e maximizar os impactos pol\u00edticos das atividades previstas Tarefas: Divulga\u00e7\u00e3o Introdu\u00e7\u00e3o no Portal eaquicultura<\/p>\n","protected":false},"author":4,"featured_media":0,"parent":0,"menu_order":0,"comment_status":"closed","ping_status":"closed","template":"","meta":[],"_links":{"self":[{"href":"http:\/\/aquimap.myscispot.eu\/index.php?rest_route=\/wp\/v2\/pages\/162"}],"collection":[{"href":"http:\/\/aquimap.myscispot.eu\/index.php?rest_route=\/wp\/v2\/pages"}],"about":[{"href":"http:\/\/aquimap.myscispot.eu\/index.php?rest_route=\/wp\/v2\/types\/page"}],"author":[{"embeddable":true,"href":"http:\/\/aquimap.myscispot.eu\/index.php?rest_route=\/wp\/v2\/users\/4"}],"replies":[{"embeddable":true,"href":"http:\/\/aquimap.myscispot.eu\/index.php?rest_route=%2Fwp%2Fv2%2Fcomments&post=162"}],"version-history":[{"count":5,"href":"http:\/\/aquimap.myscispot.eu\/index.php?rest_route=\/wp\/v2\/pages\/162\/revisions"}],"predecessor-version":[{"id":430,"href":"http:\/\/aquimap.myscispot.eu\/index.php?rest_route=\/wp\/v2\/pages\/162\/revisions\/430"}],"wp:attachment":[{"href":"http:\/\/aquimap.myscispot.eu\/index.php?rest_route=%2Fwp%2Fv2%2Fmedia&parent=162"}],"curies":[{"name":"wp","href":"https:\/\/api.w.org\/{rel}","templated":true}]}}