{"id":219,"date":"2019-05-24T15:07:10","date_gmt":"2019-05-24T15:07:10","guid":{"rendered":"http:\/\/aquimap.myscispot.eu\/?page_id=219"},"modified":"2020-03-30T15:26:22","modified_gmt":"2020-03-30T15:26:22","slug":"ria-de-aveiro","status":"publish","type":"page","link":"http:\/\/aquimap.myscispot.eu\/?page_id=219&lang=pt","title":{"rendered":"Ria de Aveiro"},"content":{"rendered":"\n<p><a href=\"http:\/\/aquimap.myscispot.eu\/?page_id=814&amp;lang=pt\">Caracteriza\u00e7\u00e3o Biof\u00edsica<\/a> <\/p>\n\n\n\n<p><a href=\"http:\/\/aquimap.myscispot.eu\/wp-admin\/post.php?post=823&amp;action=edit\">\u00cdndice de Explora\u00e7\u00e3o<\/a><\/p>\n","protected":false},"excerpt":{"rendered":"<p>Caracteriza\u00e7\u00e3o Biof\u00edsica \u00cdndice de Explora\u00e7\u00e3o<\/p>\n","protected":false},"author":3,"featured_media":0,"parent":0,"menu_order":0,"comment_status":"closed","ping_status":"closed","template":"","meta":[],"_links":{"self":[{"href":"http:\/\/aquimap.myscispot.eu\/index.php?rest_route=\/wp\/v2\/pages\/219"}],"collection":[{"href":"http:\/\/aquimap.myscispot.eu\/index.php?rest_route=\/wp\/v2\/pages"}],"about":[{"href":"http:\/\/aquimap.myscispot.eu\/index.php?rest_route=\/wp\/v2\/types\/page"}],"author":[{"embeddable":true,"href":"http:\/\/aquimap.myscispot.eu\/index.php?rest_route=\/wp\/v2\/users\/3"}],"replies":[{"embeddable":true,"href":"http:\/\/aquimap.myscispot.eu\/index.php?rest_route=%2Fwp%2Fv2%2Fcomments&post=219"}],"version-history":[{"count":10,"href":"http:\/\/aquimap.myscispot.eu\/index.php?rest_route=\/wp\/v2\/pages\/219\/revisions"}],"predecessor-version":[{"id":826,"href":"http:\/\/aquimap.myscispot.eu\/index.php?rest_route=\/wp\/v2\/pages\/219\/revisions\/826"}],"wp:attachment":[{"href":"http:\/\/aquimap.myscispot.eu\/index.php?rest_route=%2Fwp%2Fv2%2Fmedia&parent=219"}],"curies":[{"name":"wp","href":"https:\/\/api.w.org\/{rel}","templated":true}]}}