{"id":228,"date":"2019-05-24T15:08:57","date_gmt":"2019-05-24T15:08:57","guid":{"rendered":"http:\/\/aquimap.myscispot.eu\/?page_id=228"},"modified":"2020-03-30T16:10:44","modified_gmt":"2020-03-30T16:10:44","slug":"estuario-do-tejo","status":"publish","type":"page","link":"http:\/\/aquimap.myscispot.eu\/?page_id=228&lang=pt","title":{"rendered":"Estu\u00e1rio do Tejo"},"content":{"rendered":"\n<p><a href=\"http:\/\/aquimap.myscispot.eu\/?page_id=842&amp;lang=pt\">Caracteriza\u00e7\u00e3o Biof\u00edsica<\/a><\/p>\n\n\n\n<p><a href=\"http:\/\/aquimap.myscispot.eu\/?page_id=853&amp;lang=pt\">\u00cdndice de Explora\u00e7\u00e3o<\/a><\/p>\n","protected":false},"excerpt":{"rendered":"<p>Caracteriza\u00e7\u00e3o Biof\u00edsica \u00cdndice de Explora\u00e7\u00e3o<\/p>\n","protected":false},"author":3,"featured_media":0,"parent":0,"menu_order":0,"comment_status":"closed","ping_status":"closed","template":"","meta":[],"_links":{"self":[{"href":"http:\/\/aquimap.myscispot.eu\/index.php?rest_route=\/wp\/v2\/pages\/228"}],"collection":[{"href":"http:\/\/aquimap.myscispot.eu\/index.php?rest_route=\/wp\/v2\/pages"}],"about":[{"href":"http:\/\/aquimap.myscispot.eu\/index.php?rest_route=\/wp\/v2\/types\/page"}],"author":[{"embeddable":true,"href":"http:\/\/aquimap.myscispot.eu\/index.php?rest_route=\/wp\/v2\/users\/3"}],"replies":[{"embeddable":true,"href":"http:\/\/aquimap.myscispot.eu\/index.php?rest_route=%2Fwp%2Fv2%2Fcomments&post=228"}],"version-history":[{"count":2,"href":"http:\/\/aquimap.myscispot.eu\/index.php?rest_route=\/wp\/v2\/pages\/228\/revisions"}],"predecessor-version":[{"id":856,"href":"http:\/\/aquimap.myscispot.eu\/index.php?rest_route=\/wp\/v2\/pages\/228\/revisions\/856"}],"wp:attachment":[{"href":"http:\/\/aquimap.myscispot.eu\/index.php?rest_route=%2Fwp%2Fv2%2Fmedia&parent=228"}],"curies":[{"name":"wp","href":"https:\/\/api.w.org\/{rel}","templated":true}]}}