{"id":285,"date":"2019-05-27T11:01:32","date_gmt":"2019-05-27T11:01:32","guid":{"rendered":"http:\/\/aquimap.myscispot.eu\/?page_id=285"},"modified":"2019-06-04T09:54:36","modified_gmt":"2019-06-04T09:54:36","slug":"links-uteis","status":"publish","type":"page","link":"http:\/\/aquimap.myscispot.eu\/?page_id=285&lang=pt","title":{"rendered":"Links \u00fateis"},"content":{"rendered":"\n<p><a href=\"http:\/\/www.nmec.eu\/\">NMEC &#8211; N\u00facleo de Modela\u00e7\u00e3o Estuarina e Costeira<\/a><\/p>\n\n\n\n<p><a href=\"http:\/\/www.cesam.ua.pt\/\">CESAM &#8211; Centro de Estudos do Ambiente e do Mar<\/a><\/p>\n\n\n\n<p><a href=\"http:\/\/webgis.dgrm.mm.gov.pt\/arcgis\/apps\/webappviewer\/index.html?id=0446c22d6a0b471ab2fc4921b305cd41&amp;fbclid=IwAR2WXen0gRJA4dB5Wq7JVpflbD2btin3dQ2Z82Tj2kBcOS8m7dV9rCyY7z4\">GeoPortal Aquicultura<\/a><\/p>\n\n\n\n<p><a href=\"https:\/\/www.dgrm.mm.gov.pt\">DGRM &#8211; Dire\u00e7\u00e3o Geral de Recursos Naturais, Seguran\u00e7a e Servi\u00e7os Mar\u00edtimos<\/a><\/p>\n\n\n\n<p><a href=\"https:\/\/longline.co.uk\/\">Longline Environment<\/a><\/p>\n\n\n\n<p><a href=\"https:\/\/www.apambiente.pt\/\">Ag\u00eancia Portuguesa do Ambiente<\/a><\/p>\n\n\n\n<p><a href=\"http:\/\/ww2.portodeaveiro.pt\/\">Porto de Aveiro<\/a><\/p>\n","protected":false},"excerpt":{"rendered":"<p>NMEC &#8211; N\u00facleo de Modela\u00e7\u00e3o Estuarina e Costeira CESAM &#8211; Centro de Estudos do Ambiente e do Mar GeoPortal Aquicultura DGRM &#8211; Dire\u00e7\u00e3o Geral de Recursos Naturais, Seguran\u00e7a e Servi\u00e7os Mar\u00edtimos Longline Environment Ag\u00eancia Portuguesa do Ambiente Porto de Aveiro<\/p>\n","protected":false},"author":2,"featured_media":0,"parent":0,"menu_order":0,"comment_status":"closed","ping_status":"closed","template":"","meta":[],"_links":{"self":[{"href":"http:\/\/aquimap.myscispot.eu\/index.php?rest_route=\/wp\/v2\/pages\/285"}],"collection":[{"href":"http:\/\/aquimap.myscispot.eu\/index.php?rest_route=\/wp\/v2\/pages"}],"about":[{"href":"http:\/\/aquimap.myscispot.eu\/index.php?rest_route=\/wp\/v2\/types\/page"}],"author":[{"embeddable":true,"href":"http:\/\/aquimap.myscispot.eu\/index.php?rest_route=\/wp\/v2\/users\/2"}],"replies":[{"embeddable":true,"href":"http:\/\/aquimap.myscispot.eu\/index.php?rest_route=%2Fwp%2Fv2%2Fcomments&post=285"}],"version-history":[{"count":11,"href":"http:\/\/aquimap.myscispot.eu\/index.php?rest_route=\/wp\/v2\/pages\/285\/revisions"}],"predecessor-version":[{"id":415,"href":"http:\/\/aquimap.myscispot.eu\/index.php?rest_route=\/wp\/v2\/pages\/285\/revisions\/415"}],"wp:attachment":[{"href":"http:\/\/aquimap.myscispot.eu\/index.php?rest_route=%2Fwp%2Fv2%2Fmedia&parent=285"}],"curies":[{"name":"wp","href":"https:\/\/api.w.org\/{rel}","templated":true}]}}