{"id":299,"date":"2019-05-27T13:38:00","date_gmt":"2019-05-27T13:38:00","guid":{"rendered":"http:\/\/aquimap.myscispot.eu\/?page_id=299"},"modified":"2019-06-04T09:55:42","modified_gmt":"2019-06-04T09:55:42","slug":"resumo","status":"publish","type":"page","link":"http:\/\/aquimap.myscispot.eu\/?page_id=299&lang=pt","title":{"rendered":"Resumo"},"content":{"rendered":"\n<p>Atualmente, n\u00e3o se encontram dispon\u00edveis em Portugal informa\u00e7\u00f5es \nprecisas que suportem o desenvolvimento da atividade aqu\u00edcola nos \nsistemas estuarinos e lagunares nacionais.<\/p>\n\n\n\n<p>O projeto <strong>AquiMap<\/strong> tem por objetivo incentivar o \ncrescimento da atividade aqu\u00edcola em onze sistemas estuarinos e \nlagunares portugueses efetuando a identifica\u00e7\u00e3o e avalia\u00e7\u00e3o de zonas com\n potencial de explora\u00e7\u00e3o, atrav\u00e9s do desenvolvimento de modelos \nnum\u00e9ricos.<\/p>\n\n\n\n<p>\u00c9 pretendido o desenvolvimento de mapas de vari\u00e1veis f\u00edsico-qu\u00edmicas  que permitir\u00e3o o estabelecimento de \u00cdndices de Explora\u00e7\u00e3o para cada  esp\u00e9cie de valor comercial numa escala local.\u00a0<\/p>\n\n\n\n<figure><iframe loading=\"lazy\" src=\"https:\/\/www.google.com\/maps\/d\/embed?mid=1Fai0YSv1d3aODkDJEoD-dk_aWos6cfmZ\" width=\"640\" height=\"480\"><\/iframe><\/figure>\n","protected":false},"excerpt":{"rendered":"<p>Atualmente, n\u00e3o se encontram dispon\u00edveis em Portugal informa\u00e7\u00f5es precisas que suportem o desenvolvimento da atividade aqu\u00edcola nos sistemas estuarinos e lagunares nacionais. O projeto AquiMap tem por objetivo incentivar o crescimento da atividade aqu\u00edcola em onze sistemas estuarinos e lagunares portugueses efetuando a identifica\u00e7\u00e3o e avalia\u00e7\u00e3o de zonas com potencial de explora\u00e7\u00e3o, atrav\u00e9s do desenvolvimento &hellip; <\/p>\n<p class=\"link-more\"><a href=\"http:\/\/aquimap.myscispot.eu\/?page_id=299&#038;lang=pt\" class=\"more-link\">Continuar a ler <span class=\"screen-reader-text\">&#8220;Resumo&#8221;<\/span><\/a><\/p>\n","protected":false},"author":2,"featured_media":0,"parent":0,"menu_order":0,"comment_status":"closed","ping_status":"closed","template":"","meta":[],"_links":{"self":[{"href":"http:\/\/aquimap.myscispot.eu\/index.php?rest_route=\/wp\/v2\/pages\/299"}],"collection":[{"href":"http:\/\/aquimap.myscispot.eu\/index.php?rest_route=\/wp\/v2\/pages"}],"about":[{"href":"http:\/\/aquimap.myscispot.eu\/index.php?rest_route=\/wp\/v2\/types\/page"}],"author":[{"embeddable":true,"href":"http:\/\/aquimap.myscispot.eu\/index.php?rest_route=\/wp\/v2\/users\/2"}],"replies":[{"embeddable":true,"href":"http:\/\/aquimap.myscispot.eu\/index.php?rest_route=%2Fwp%2Fv2%2Fcomments&post=299"}],"version-history":[{"count":3,"href":"http:\/\/aquimap.myscispot.eu\/index.php?rest_route=\/wp\/v2\/pages\/299\/revisions"}],"predecessor-version":[{"id":306,"href":"http:\/\/aquimap.myscispot.eu\/index.php?rest_route=\/wp\/v2\/pages\/299\/revisions\/306"}],"wp:attachment":[{"href":"http:\/\/aquimap.myscispot.eu\/index.php?rest_route=%2Fwp%2Fv2%2Fmedia&parent=299"}],"curies":[{"name":"wp","href":"https:\/\/api.w.org\/{rel}","templated":true}]}}