{"id":842,"date":"2020-03-30T15:37:47","date_gmt":"2020-03-30T15:37:47","guid":{"rendered":"http:\/\/aquimap.myscispot.eu\/?page_id=842"},"modified":"2020-10-08T21:43:05","modified_gmt":"2020-10-08T21:43:05","slug":"caracterizacao-biofisica-tejo","status":"publish","type":"page","link":"http:\/\/aquimap.myscispot.eu\/?page_id=842&lang=pt","title":{"rendered":"Caracteriza\u00e7\u00e3o Biof\u00edsica"},"content":{"rendered":"\n<p>Mapas anuais e sazonais previstos pelo modelo Delft3D de temperatura da \u00e1gua, salinidade, pH, concentra\u00e7\u00e3o de oxig\u00e9nio dissolvido e de clorofila ser\u00e3o disponibilizados mediante pedido para o mail <strong>projetoaquimap@gmail.com<\/strong><\/p>\n","protected":false},"excerpt":{"rendered":"<p>Mapas anuais e sazonais previstos pelo modelo Delft3D de temperatura da \u00e1gua, salinidade, pH, concentra\u00e7\u00e3o de oxig\u00e9nio dissolvido e de clorofila ser\u00e3o disponibilizados mediante pedido para o mail projetoaquimap@gmail.com<\/p>\n","protected":false},"author":3,"featured_media":0,"parent":0,"menu_order":0,"comment_status":"closed","ping_status":"closed","template":"","meta":[],"_links":{"self":[{"href":"http:\/\/aquimap.myscispot.eu\/index.php?rest_route=\/wp\/v2\/pages\/842"}],"collection":[{"href":"http:\/\/aquimap.myscispot.eu\/index.php?rest_route=\/wp\/v2\/pages"}],"about":[{"href":"http:\/\/aquimap.myscispot.eu\/index.php?rest_route=\/wp\/v2\/types\/page"}],"author":[{"embeddable":true,"href":"http:\/\/aquimap.myscispot.eu\/index.php?rest_route=\/wp\/v2\/users\/3"}],"replies":[{"embeddable":true,"href":"http:\/\/aquimap.myscispot.eu\/index.php?rest_route=%2Fwp%2Fv2%2Fcomments&post=842"}],"version-history":[{"count":4,"href":"http:\/\/aquimap.myscispot.eu\/index.php?rest_route=\/wp\/v2\/pages\/842\/revisions"}],"predecessor-version":[{"id":7929,"href":"http:\/\/aquimap.myscispot.eu\/index.php?rest_route=\/wp\/v2\/pages\/842\/revisions\/7929"}],"wp:attachment":[{"href":"http:\/\/aquimap.myscispot.eu\/index.php?rest_route=%2Fwp%2Fv2%2Fmedia&parent=842"}],"curies":[{"name":"wp","href":"https:\/\/api.w.org\/{rel}","templated":true}]}}