{"id":912,"date":"2020-03-30T16:47:57","date_gmt":"2020-03-30T16:47:57","guid":{"rendered":"http:\/\/aquimap.myscispot.eu\/?page_id=912"},"modified":"2020-09-14T15:27:16","modified_gmt":"2020-09-14T15:27:16","slug":"indice-de-exploracao-formosa","status":"publish","type":"page","link":"http:\/\/aquimap.myscispot.eu\/?page_id=912&lang=pt","title":{"rendered":"\u00cdndice de Explora\u00e7\u00e3o"},"content":{"rendered":"\n<p><a href=\"http:\/\/aquimap.myscispot.eu\/?page_id=906&amp;lang=pt\" target=\"_blank\" rel=\"noreferrer noopener\">Bivalves<\/a><\/p>\n\n\n\n<p><a href=\"http:\/\/aquimap.myscispot.eu\/?page_id=909&amp;lang=pt\" target=\"_blank\" rel=\"noreferrer noopener\">Peixes<\/a><\/p>\n","protected":false},"excerpt":{"rendered":"<p>Bivalves Peixes<\/p>\n","protected":false},"author":3,"featured_media":0,"parent":0,"menu_order":0,"comment_status":"closed","ping_status":"closed","template":"","meta":[],"_links":{"self":[{"href":"http:\/\/aquimap.myscispot.eu\/index.php?rest_route=\/wp\/v2\/pages\/912"}],"collection":[{"href":"http:\/\/aquimap.myscispot.eu\/index.php?rest_route=\/wp\/v2\/pages"}],"about":[{"href":"http:\/\/aquimap.myscispot.eu\/index.php?rest_route=\/wp\/v2\/types\/page"}],"author":[{"embeddable":true,"href":"http:\/\/aquimap.myscispot.eu\/index.php?rest_route=\/wp\/v2\/users\/3"}],"replies":[{"embeddable":true,"href":"http:\/\/aquimap.myscispot.eu\/index.php?rest_route=%2Fwp%2Fv2%2Fcomments&post=912"}],"version-history":[{"count":3,"href":"http:\/\/aquimap.myscispot.eu\/index.php?rest_route=\/wp\/v2\/pages\/912\/revisions"}],"predecessor-version":[{"id":6166,"href":"http:\/\/aquimap.myscispot.eu\/index.php?rest_route=\/wp\/v2\/pages\/912\/revisions\/6166"}],"wp:attachment":[{"href":"http:\/\/aquimap.myscispot.eu\/index.php?rest_route=%2Fwp%2Fv2%2Fmedia&parent=912"}],"curies":[{"name":"wp","href":"https:\/\/api.w.org\/{rel}","templated":true}]}}