{"id":95,"date":"2019-05-24T08:51:12","date_gmt":"2019-05-24T08:51:12","guid":{"rendered":"http:\/\/aquimap.myscispot.eu\/?page_id=95"},"modified":"2019-08-26T16:41:37","modified_gmt":"2019-08-26T16:41:37","slug":"equipa-do-projeto","status":"publish","type":"page","link":"http:\/\/aquimap.myscispot.eu\/?page_id=95&lang=pt","title":{"rendered":"Equipa do Projeto"},"content":{"rendered":"\n<p class=\"has-medium-font-size\"><strong><a href=\"http:\/\/www.ua.pt\/FIS\/\">Departamento de F\u00edsica<\/a><\/strong><img loading=\"lazy\" width=\"3067\" height=\"1317\" class=\"wp-image-408\" style=\"width: 90px;\" src=\"http:\/\/aquimap.myscispot.eu\/wp-content\/uploads\/2019\/05\/dfis_branco-01.png\" alt=\"\" srcset=\"http:\/\/aquimap.myscispot.eu\/wp-content\/uploads\/2019\/05\/dfis_branco-01.png 3067w, http:\/\/aquimap.myscispot.eu\/wp-content\/uploads\/2019\/05\/dfis_branco-01-300x129.png 300w, http:\/\/aquimap.myscispot.eu\/wp-content\/uploads\/2019\/05\/dfis_branco-01-768x330.png 768w, http:\/\/aquimap.myscispot.eu\/wp-content\/uploads\/2019\/05\/dfis_branco-01-1024x440.png 1024w\" sizes=\"(max-width: 706px) 89vw, (max-width: 767px) 82vw, 740px\" \/><\/p>\n\n\n\n<ul><li><a href=\"http:\/\/www.cesam.ua.pt\/index.php?tabela=pessoaldetail&amp;menu=198&amp;user=110\">Jo\u00e3o Miguel Dias (Coordenador)<\/a><\/li><li><a href=\"http:\/\/www.cesam.ua.pt\/index.php?tabela=pessoaldetail&amp;menu=200&amp;user=1673\">Am\u00e9rico Ribeiro <\/a><\/li><li><a href=\"http:\/\/www.cesam.ua.pt\/index.php?tabela=pessoaldetail&amp;menu=213&amp;user=647\">Ana Azevedo <\/a><\/li><li><a href=\"http:\/\/www.cesam.ua.pt\/index.php?tabela=pessoaldetail&amp;menu=95&amp;user=359\">Ana Picado<\/a><\/li><li><a href=\"http:\/\/www.cesam.ua.pt\/index.php?tabela=pessoaldetail&amp;menu=95&amp;user=436\">Carina Lopes<\/a><\/li><li><a href=\"http:\/\/www.cesam.ua.pt\/index.php?menu=199&amp;language=pt&amp;tabela=pessoaldetail&amp;user=2283\">Joana Mendes<\/a><\/li><li><a href=\"http:\/\/www.cesam.ua.pt\/index.php?tabela=pessoaldetail&amp;menu=199&amp;user=1905\">Jo\u00e3o Pinheiro <\/a><\/li><li><a href=\"http:\/\/www.cesam.ua.pt\/index.php?tabela=pessoaldetail&amp;menu=200&amp;user=549\">Leandro Vaz<\/a><\/li><li><a href=\"http:\/\/www.cesam.ua.pt\/index.php?tabela=pessoaldetail&amp;menu=82&amp;user=358\">Magda Sousa <\/a><\/li><li><a href=\"http:\/\/www.cesam.ua.pt\/index.php?tabela=pessoaldetail&amp;menu=82&amp;user=205\">Nuno Vaz<\/a><\/li><li><a href=\"http:\/\/www.cesam.ua.pt\/index.php?tabela=pessoaldetail&amp;menu=213&amp;user=435\">Renato Mendes<\/a><\/li><li><a href=\"http:\/\/www.cesam.ua.pt\/index.php?tabela=pessoaldetail&amp;menu=213&amp;user=2122\">Rui Ruela <\/a><\/li><\/ul>\n\n\n\n<p class=\"has-medium-font-size\"><strong><a href=\"http:\/\/www.ua.pt\/dbio\/\">Departamento de Biologia<\/a><\/strong><img loading=\"lazy\" width=\"338\" height=\"142\" class=\"wp-image-405\" style=\"width: 95px;\" src=\"http:\/\/aquimap.myscispot.eu\/wp-content\/uploads\/2019\/05\/dbio_branco-05.png\" alt=\"\" srcset=\"http:\/\/aquimap.myscispot.eu\/wp-content\/uploads\/2019\/05\/dbio_branco-05.png 338w, http:\/\/aquimap.myscispot.eu\/wp-content\/uploads\/2019\/05\/dbio_branco-05-300x126.png 300w\" sizes=\"(max-width: 338px) 100vw, 338px\" \/><\/p>\n\n\n\n<ul><li><a href=\"http:\/\/www.cesam.ua.pt\/index.php?tabela=pessoaldetail&amp;menu=198&amp;user=25\">Adelaide Almeida <\/a><\/li><li><a href=\"http:\/\/www.cesam.ua.pt\/index.php?tabela=pessoaldetail&amp;menu=95&amp;user=310\">Liliana Costa <\/a><\/li><li><a href=\"http:\/\/www.cesam.ua.pt\/index.php?menu=95&amp;language=eng&amp;tabela=pessoaldetail&amp;user=366\">Maria In\u00eas Ramos Pilreira Baptista<\/a><br><\/li><\/ul>\n\n\n\n<p><\/p>\n","protected":false},"excerpt":{"rendered":"<p>Departamento de F\u00edsica Jo\u00e3o Miguel Dias (Coordenador) Am\u00e9rico Ribeiro Ana Azevedo Ana Picado Carina Lopes Joana Mendes Jo\u00e3o Pinheiro Leandro Vaz Magda Sousa Nuno Vaz Renato Mendes Rui Ruela Departamento de Biologia Adelaide Almeida Liliana Costa Maria In\u00eas Ramos Pilreira Baptista<\/p>\n","protected":false},"author":3,"featured_media":0,"parent":0,"menu_order":0,"comment_status":"closed","ping_status":"closed","template":"","meta":[],"_links":{"self":[{"href":"http:\/\/aquimap.myscispot.eu\/index.php?rest_route=\/wp\/v2\/pages\/95"}],"collection":[{"href":"http:\/\/aquimap.myscispot.eu\/index.php?rest_route=\/wp\/v2\/pages"}],"about":[{"href":"http:\/\/aquimap.myscispot.eu\/index.php?rest_route=\/wp\/v2\/types\/page"}],"author":[{"embeddable":true,"href":"http:\/\/aquimap.myscispot.eu\/index.php?rest_route=\/wp\/v2\/users\/3"}],"replies":[{"embeddable":true,"href":"http:\/\/aquimap.myscispot.eu\/index.php?rest_route=%2Fwp%2Fv2%2Fcomments&post=95"}],"version-history":[{"count":20,"href":"http:\/\/aquimap.myscispot.eu\/index.php?rest_route=\/wp\/v2\/pages\/95\/revisions"}],"predecessor-version":[{"id":666,"href":"http:\/\/aquimap.myscispot.eu\/index.php?rest_route=\/wp\/v2\/pages\/95\/revisions\/666"}],"wp:attachment":[{"href":"http:\/\/aquimap.myscispot.eu\/index.php?rest_route=%2Fwp%2Fv2%2Fmedia&parent=95"}],"curies":[{"name":"wp","href":"https:\/\/api.w.org\/{rel}","templated":true}]}}